{"id":93090,"date":"2024-10-11T08:56:33","date_gmt":"2024-10-11T08:56:33","guid":{"rendered":"https:\/\/futuregroup.al\/business-strategy-consulting\/"},"modified":"2025-02-06T10:58:10","modified_gmt":"2025-02-06T10:58:10","slug":"business-strategy-consulting","status":"publish","type":"page","link":"https:\/\/futuregroup.al\/en\/business-strategy-consulting\/","title":{"rendered":"Business Strategy Consulting"},"content":{"rendered":"\t\t<div data-elementor-type=\"wp-page\" data-elementor-id=\"93090\" class=\"elementor elementor-93090 elementor-90913\">\n\t\t\t\t<div class=\"elementor-element elementor-element-1ea37ea5 e-con-full e-flex e-con e-parent\" data-id=\"1ea37ea5\" data-element_type=\"container\">\n\t\t<div class=\"elementor-element elementor-element-7486953 e-con-full struktura-me-sidebar-page e-flex e-con e-child\" data-id=\"7486953\" data-element_type=\"container\">\n\t\t\t\t<div class=\"elementor-element elementor-element-8c9cf6c cea-btn-tablet-align-left dark-bg-button elementor-widget elementor-widget-ceabutton\" data-id=\"8c9cf6c\" data-element_type=\"widget\" data-settings=\"{&quot;_animation&quot;:&quot;none&quot;}\" data-widget_type=\"ceabutton.default\">\n\t\t\t\t<div class=\"elementor-widget-container cea-button-wrapper\">\r\n\t\t\t\t\t<div class=\"cea-button-wrapper\">\r\n\t\t\t<a href=\"https:\/\/futuregroup.al\/en\/business-diagnosis\/\" class=\"cea-button-link elementor-button cea-button elementor-size-sm\">\r\n\t\t\t\t\t\t<span class=\"cea-button-content-wrapper\">\r\n\t\t\t\t\t\t<span class=\"cea-button-icon cea-align-icon-right\">\r\n\t\t\t\t<i aria-hidden=\"true\" class=\" bi-arrow-right-short\"><\/i>\t\t\t<\/span>\r\n\t\t\t\t\t\t<span class=\"cea-button-text\">Business Diagnosis<\/span>\r\n\t\t<\/span>\r\n\t\t\t\t\t<\/a>\r\n\t\t<\/div>\r\n\t\t\t\t<\/div>\r\n\t\t\t\t<\/div>\n\t\t\t\t<div class=\"elementor-element elementor-element-f7da741 cea-btn-tablet-align-left dark-bg-button elementor-widget elementor-widget-ceabutton\" data-id=\"f7da741\" data-element_type=\"widget\" data-settings=\"{&quot;_animation&quot;:&quot;none&quot;}\" data-widget_type=\"ceabutton.default\">\n\t\t\t\t<div class=\"elementor-widget-container cea-button-wrapper\">\r\n\t\t\t\t\t<div class=\"cea-button-wrapper\">\r\n\t\t\t<a href=\"https:\/\/futuregroup.al\/en\/business-strategy-consulting\/\" class=\"cea-button-link elementor-button cea-button elementor-size-sm\">\r\n\t\t\t\t\t\t<span class=\"cea-button-content-wrapper\">\r\n\t\t\t\t\t\t<span class=\"cea-button-icon cea-align-icon-right\">\r\n\t\t\t\t<i aria-hidden=\"true\" class=\" bi-arrow-right-short\"><\/i>\t\t\t<\/span>\r\n\t\t\t\t\t\t<span class=\"cea-button-text\">Business Strategy Consulting<\/span>\r\n\t\t<\/span>\r\n\t\t\t\t\t<\/a>\r\n\t\t<\/div>\r\n\t\t\t\t<\/div>\r\n\t\t\t\t<\/div>\n\t\t\t\t<div class=\"elementor-element elementor-element-fb01e70 cea-btn-tablet-align-left dark-bg-button elementor-widget elementor-widget-ceabutton\" data-id=\"fb01e70\" data-element_type=\"widget\" data-settings=\"{&quot;_animation&quot;:&quot;none&quot;}\" data-widget_type=\"ceabutton.default\">\n\t\t\t\t<div class=\"elementor-widget-container cea-button-wrapper\">\r\n\t\t\t\t\t<div class=\"cea-button-wrapper\">\r\n\t\t\t<a href=\"https:\/\/futuregroup.al\/en\/sales-strategy-consulting\/\" class=\"cea-button-link elementor-button cea-button elementor-size-sm\">\r\n\t\t\t\t\t\t<span class=\"cea-button-content-wrapper\">\r\n\t\t\t\t\t\t<span class=\"cea-button-icon cea-align-icon-right\">\r\n\t\t\t\t<i aria-hidden=\"true\" class=\" bi-arrow-right-short\"><\/i>\t\t\t<\/span>\r\n\t\t\t\t\t\t<span class=\"cea-button-text\">Sales Strategy Consulting<\/span>\r\n\t\t<\/span>\r\n\t\t\t\t\t<\/a>\r\n\t\t<\/div>\r\n\t\t\t\t<\/div>\r\n\t\t\t\t<\/div>\n\t\t\t\t<div class=\"elementor-element elementor-element-9e3a892 cea-btn-tablet-align-left dark-bg-button elementor-widget elementor-widget-ceabutton\" data-id=\"9e3a892\" data-element_type=\"widget\" data-settings=\"{&quot;_animation&quot;:&quot;none&quot;}\" data-widget_type=\"ceabutton.default\">\n\t\t\t\t<div class=\"elementor-widget-container cea-button-wrapper\">\r\n\t\t\t\t\t<div class=\"cea-button-wrapper\">\r\n\t\t\t<a href=\"https:\/\/futuregroup.al\/en\/marketing-strategy-consulting\/\" class=\"cea-button-link elementor-button cea-button elementor-size-sm\">\r\n\t\t\t\t\t\t<span class=\"cea-button-content-wrapper\">\r\n\t\t\t\t\t\t<span class=\"cea-button-icon cea-align-icon-right\">\r\n\t\t\t\t<i aria-hidden=\"true\" class=\" bi-arrow-right-short\"><\/i>\t\t\t<\/span>\r\n\t\t\t\t\t\t<span class=\"cea-button-text\">Marketing Strategy Consulting<\/span>\r\n\t\t<\/span>\r\n\t\t\t\t\t<\/a>\r\n\t\t<\/div>\r\n\t\t\t\t<\/div>\r\n\t\t\t\t<\/div>\n\t\t\t\t<div class=\"elementor-element elementor-element-479bae4 cea-btn-tablet-align-left dark-bg-button elementor-widget elementor-widget-ceabutton\" data-id=\"479bae4\" data-element_type=\"widget\" data-settings=\"{&quot;_animation&quot;:&quot;none&quot;}\" data-widget_type=\"ceabutton.default\">\n\t\t\t\t<div class=\"elementor-widget-container cea-button-wrapper\">\r\n\t\t\t\t\t<div class=\"cea-button-wrapper\">\r\n\t\t\t<a href=\"https:\/\/futuregroup.al\/en\/human-resources-strategy-design-and-development-consulting\/\" class=\"cea-button-link elementor-button cea-button elementor-size-sm\">\r\n\t\t\t\t\t\t<span class=\"cea-button-content-wrapper\">\r\n\t\t\t\t\t\t<span class=\"cea-button-icon cea-align-icon-right\">\r\n\t\t\t\t<i aria-hidden=\"true\" class=\" bi-arrow-right-short\"><\/i>\t\t\t<\/span>\r\n\t\t\t\t\t\t<span class=\"cea-button-text\">Human Resources Strategy Design and Development Consulting<\/span>\r\n\t\t<\/span>\r\n\t\t\t\t\t<\/a>\r\n\t\t<\/div>\r\n\t\t\t\t<\/div>\r\n\t\t\t\t<\/div>\n\t\t\t\t<div class=\"elementor-element elementor-element-8cfc78a cea-btn-tablet-align-left dark-bg-button elementor-widget elementor-widget-ceabutton\" data-id=\"8cfc78a\" data-element_type=\"widget\" data-settings=\"{&quot;_animation&quot;:&quot;none&quot;}\" data-widget_type=\"ceabutton.default\">\n\t\t\t\t<div class=\"elementor-widget-container cea-button-wrapper\">\r\n\t\t\t\t\t<div class=\"cea-button-wrapper\">\r\n\t\t\t<a href=\"https:\/\/futuregroup.al\/en\/operational-plan-development-consultancy\/\" class=\"cea-button-link elementor-button cea-button elementor-size-sm\">\r\n\t\t\t\t\t\t<span class=\"cea-button-content-wrapper\">\r\n\t\t\t\t\t\t<span class=\"cea-button-icon cea-align-icon-right\">\r\n\t\t\t\t<i aria-hidden=\"true\" class=\" bi-arrow-right-short\"><\/i>\t\t\t<\/span>\r\n\t\t\t\t\t\t<span class=\"cea-button-text\"> Operational Plan Development Consultancy<\/span>\r\n\t\t<\/span>\r\n\t\t\t\t\t<\/a>\r\n\t\t<\/div>\r\n\t\t\t\t<\/div>\r\n\t\t\t\t<\/div>\n\t\t\t\t<div class=\"elementor-element elementor-element-f54d627 cea-btn-tablet-align-left dark-bg-button elementor-widget elementor-widget-ceabutton\" data-id=\"f54d627\" data-element_type=\"widget\" data-settings=\"{&quot;_animation&quot;:&quot;none&quot;}\" data-widget_type=\"ceabutton.default\">\n\t\t\t\t<div class=\"elementor-widget-container cea-button-wrapper\">\r\n\t\t\t\t\t<div class=\"cea-button-wrapper\">\r\n\t\t\t<a href=\"https:\/\/futuregroup.al\/en\/logistics-strategy-and-development-consulting\/\" class=\"cea-button-link elementor-button cea-button elementor-size-sm\">\r\n\t\t\t\t\t\t<span class=\"cea-button-content-wrapper\">\r\n\t\t\t\t\t\t<span class=\"cea-button-icon cea-align-icon-right\">\r\n\t\t\t\t<i aria-hidden=\"true\" class=\" bi-arrow-right-short\"><\/i>\t\t\t<\/span>\r\n\t\t\t\t\t\t<span class=\"cea-button-text\">Logistics Strategy and Development Consulting<\/span>\r\n\t\t<\/span>\r\n\t\t\t\t\t<\/a>\r\n\t\t<\/div>\r\n\t\t\t\t<\/div>\r\n\t\t\t\t<\/div>\n\t\t\t\t<div class=\"elementor-element elementor-element-260a24b cea-btn-tablet-align-left dark-bg-button elementor-widget elementor-widget-ceabutton\" data-id=\"260a24b\" data-element_type=\"widget\" data-settings=\"{&quot;_animation&quot;:&quot;none&quot;}\" data-widget_type=\"ceabutton.default\">\n\t\t\t\t<div class=\"elementor-widget-container cea-button-wrapper\">\r\n\t\t\t\t\t<div class=\"cea-button-wrapper\">\r\n\t\t\t<a href=\"https:\/\/futuregroup.al\/en\/financial-management-and-risk-consulting\/\" class=\"cea-button-link elementor-button cea-button elementor-size-sm\">\r\n\t\t\t\t\t\t<span class=\"cea-button-content-wrapper\">\r\n\t\t\t\t\t\t<span class=\"cea-button-icon cea-align-icon-right\">\r\n\t\t\t\t<i aria-hidden=\"true\" class=\" bi-arrow-right-short\"><\/i>\t\t\t<\/span>\r\n\t\t\t\t\t\t<span class=\"cea-button-text\">Financial Management and Risk Consulting<\/span>\r\n\t\t<\/span>\r\n\t\t\t\t\t<\/a>\r\n\t\t<\/div>\r\n\t\t\t\t<\/div>\r\n\t\t\t\t<\/div>\n\t\t\t\t<div class=\"elementor-element elementor-element-cd70e23 cea-btn-tablet-align-left dark-bg-button elementor-widget elementor-widget-ceabutton\" data-id=\"cd70e23\" data-element_type=\"widget\" data-settings=\"{&quot;_animation&quot;:&quot;none&quot;}\" data-widget_type=\"ceabutton.default\">\n\t\t\t\t<div class=\"elementor-widget-container cea-button-wrapper\">\r\n\t\t\t\t\t<div class=\"cea-button-wrapper\">\r\n\t\t\t<a href=\"https:\/\/futuregroup.al\/en\/customer-relationship-strategy-and-development-consulting\/\" class=\"cea-button-link elementor-button cea-button elementor-size-sm\">\r\n\t\t\t\t\t\t<span class=\"cea-button-content-wrapper\">\r\n\t\t\t\t\t\t<span class=\"cea-button-icon cea-align-icon-right\">\r\n\t\t\t\t<i aria-hidden=\"true\" class=\" bi-arrow-right-short\"><\/i>\t\t\t<\/span>\r\n\t\t\t\t\t\t<span class=\"cea-button-text\">Customer Relationship Strategy and Development Consulting<\/span>\r\n\t\t<\/span>\r\n\t\t\t\t\t<\/a>\r\n\t\t<\/div>\r\n\t\t\t\t<\/div>\r\n\t\t\t\t<\/div>\n\t\t<div class=\"elementor-element elementor-element-013623d e-con-full e-flex e-con e-child\" data-id=\"013623d\" data-element_type=\"container\" data-settings=\"{&quot;background_background&quot;:&quot;classic&quot;}\">\n\t\t\t\t<div class=\"elementor-element elementor-element-af8f8cc elementor-widget elementor-widget-spacer\" data-id=\"af8f8cc\" data-element_type=\"widget\" data-widget_type=\"spacer.default\">\n\t\t\t\t<div class=\"elementor-widget-container\">\n\t\t\t\t\t\t\t<div class=\"elementor-spacer\">\n\t\t\t<div class=\"elementor-spacer-inner\"><\/div>\n\t\t<\/div>\n\t\t\t\t\t\t<\/div>\n\t\t\t\t<\/div>\n\t\t\t\t<div class=\"elementor-element elementor-element-38a1ab2 elementor-widget elementor-widget-image\" data-id=\"38a1ab2\" data-element_type=\"widget\" data-widget_type=\"image.default\">\n\t\t\t\t<div class=\"elementor-widget-container\">\n\t\t\t\t\t\t\t\t\t\t\t\t\t\t\t<img decoding=\"async\" width=\"65\" height=\"81\" src=\"https:\/\/futuregroup.al\/wp-content\/uploads\/2024\/09\/Asset-3d-8.png\" class=\"attachment-full size-full wp-image-92623\" alt=\"\" \/>\t\t\t\t\t\t\t\t\t\t\t\t\t\t\t<\/div>\n\t\t\t\t<\/div>\n\t\t\t\t<div class=\"elementor-element elementor-element-69083df elementor-widget elementor-widget-heading\" data-id=\"69083df\" data-element_type=\"widget\" data-widget_type=\"heading.default\">\n\t\t\t\t<div class=\"elementor-widget-container\">\n\t\t\t\t\t<h2 class=\"elementor-heading-title elementor-size-default\">Find out more!\n<\/h2>\t\t\t\t<\/div>\n\t\t\t\t<\/div>\n\t\t\t\t<div class=\"elementor-element elementor-element-3e577cd elementor-align-center elementor-widget elementor-widget-button\" data-id=\"3e577cd\" data-element_type=\"widget\" data-widget_type=\"button.default\">\n\t\t\t\t<div class=\"elementor-widget-container\">\n\t\t\t\t\t\t\t\t\t<div class=\"elementor-button-wrapper\">\n\t\t\t\t\t<a class=\"elementor-button elementor-button-link elementor-size-sm\" href=\"https:\/\/futuregroup.al\/en\/contact-us\/\">\n\t\t\t\t\t\t<span class=\"elementor-button-content-wrapper\">\n\t\t\t\t\t\t<span class=\"elementor-button-icon\">\n\t\t\t\t<i aria-hidden=\"true\" class=\"ti ti-arrow-top-right\"><\/i>\t\t\t<\/span>\n\t\t\t\t\t\t\t\t\t<span class=\"elementor-button-text\">CONTACT US<\/span>\n\t\t\t\t\t<\/span>\n\t\t\t\t\t<\/a>\n\t\t\t\t<\/div>\n\t\t\t\t\t\t\t\t<\/div>\n\t\t\t\t<\/div>\n\t\t\t\t<div class=\"elementor-element elementor-element-0ea936b elementor-widget elementor-widget-spacer\" data-id=\"0ea936b\" data-element_type=\"widget\" data-widget_type=\"spacer.default\">\n\t\t\t\t<div class=\"elementor-widget-container\">\n\t\t\t\t\t\t\t<div class=\"elementor-spacer\">\n\t\t\t<div class=\"elementor-spacer-inner\"><\/div>\n\t\t<\/div>\n\t\t\t\t\t\t<\/div>\n\t\t\t\t<\/div>\n\t\t\t\t<\/div>\n\t\t\t\t<\/div>\n\t\t<div class=\"elementor-element elementor-element-57cdf6f7 e-con-full e-flex e-con e-child\" data-id=\"57cdf6f7\" data-element_type=\"container\">\n\t\t<div class=\"elementor-element elementor-element-2cfe981a e-con-full e-flex e-con e-child\" data-id=\"2cfe981a\" data-element_type=\"container\">\n\t\t<div class=\"elementor-element elementor-element-52d263f8 e-flex e-con-boxed e-con e-child\" data-id=\"52d263f8\" data-element_type=\"container\">\n\t\t\t\t\t<div class=\"e-con-inner\">\n\t\t\t\t<div class=\"elementor-element elementor-element-2d6a3878 cea-align-center elementor-widget elementor-widget-ceasectiontitle\" data-id=\"2d6a3878\" data-element_type=\"widget\" data-widget_type=\"ceasectiontitle.default\">\n\t\t\t\t<div class=\"elementor-widget-container\">\n\t\t\t\t\t<div class=\"section-title-wrapper\"><div class=\"title-wrap\"><h2 class=\"section-title\">Business Strategy Consulting<\/h2><\/div><!-- .title-wrap --><div class=\"section-description\"><\/div><!-- .section-description --><\/div><!-- .section-title-wrapper -->\t\t\t\t<\/div>\n\t\t\t\t<\/div>\n\t\t\t\t<div class=\"elementor-element elementor-element-11047306 elementor-widget elementor-widget-image\" data-id=\"11047306\" data-element_type=\"widget\" data-widget_type=\"image.default\">\n\t\t\t\t<div class=\"elementor-widget-container\">\n\t\t\t\t\t\t\t\t\t\t\t\t\t\t\t\t<a href=\"https:\/\/futuregroup.al\/wp-content\/uploads\/2024\/11\/4690.jpg\" data-elementor-open-lightbox=\"yes\" data-elementor-lightbox-title=\"4690\" data-e-action-hash=\"#elementor-action%3Aaction%3Dlightbox%26settings%3DeyJpZCI6OTI3MTIsInVybCI6Imh0dHBzOlwvXC9mdXR1cmVncm91cC5hbFwvd3AtY29udGVudFwvdXBsb2Fkc1wvMjAyNFwvMTFcLzQ2OTAuanBnIn0%3D\">\n\t\t\t\t\t\t\t<img decoding=\"async\" src=\"https:\/\/futuregroup.al\/wp-content\/uploads\/elementor\/thumbs\/4690-qwplz7cemcedzkzu30r8ypv5z41tthhcllhvv5ec1c.jpg\" title=\"4690\" alt=\"4690\" loading=\"lazy\" \/>\t\t\t\t\t\t\t\t<\/a>\n\t\t\t\t\t\t\t\t\t\t\t\t\t\t\t<\/div>\n\t\t\t\t<\/div>\n\t\t<div class=\"elementor-element elementor-element-78c2a3fb e-con-full e-flex e-con e-child\" data-id=\"78c2a3fb\" data-element_type=\"container\">\n\t\t\t\t<div class=\"elementor-element elementor-element-2a8899af cus-fbox-border cea-view-stacked elementor-widget__width-inherit cea-shape-circle elementor-widget elementor-widget-ceafeaturebox\" data-id=\"2a8899af\" data-element_type=\"widget\" data-widget_type=\"ceafeaturebox.default\">\n\t\t\t\t<div class=\"elementor-widget-container feature-box-wrapper feature-box-default\">\n\t\t\t<div class=\"media\"><div class=\"media-icon-part align-self-center\"><div class=\"cea-featured-icon\"><i aria-hidden=\"true\" class=\" bi-arrow-up-right\"><\/i><\/div><\/div><div class=\"media-body align-self-center\"><h4 class=\"feature-box-title\">Action Area<\/h4><div class=\"fbox-content\">Developing long-term strategies for businesses.2.3 Konsulenc\u00eb p\u00ebr Hartimin e Strategjis\u00eb s\u00eb Shitjes<\/div><\/div><!-- .media-body --><\/div><!-- .media -->\t\t<\/div>\n\t\t\t\t<\/div>\n\t\t\t\t<\/div>\n\t\t<div class=\"elementor-element elementor-element-528d11d8 e-con-full e-flex e-con e-child\" data-id=\"528d11d8\" data-element_type=\"container\">\n\t\t\t\t<div class=\"elementor-element elementor-element-44a184b8 cus-fbox-border cea-view-stacked elementor-widget__width-inherit cea-shape-circle elementor-widget elementor-widget-ceafeaturebox\" data-id=\"44a184b8\" data-element_type=\"widget\" data-widget_type=\"ceafeaturebox.default\">\n\t\t\t\t<div class=\"elementor-widget-container feature-box-wrapper feature-box-default\">\n\t\t\t<div class=\"media\"><div class=\"media-icon-part align-self-center\"><div class=\"cea-featured-icon\"><i aria-hidden=\"true\" class=\" bi-arrow-up-right\"><\/i><\/div><\/div><div class=\"media-body align-self-center\"><h4 class=\"feature-box-title\">Intervention Area<\/h4><div class=\"fbox-content\">Develop strategic plans to meet company objectives.<\/div><\/div><!-- .media-body --><\/div><!-- .media -->\t\t<\/div>\n\t\t\t\t<\/div>\n\t\t\t\t<\/div>\n\t\t<div class=\"elementor-element elementor-element-606c7c2 e-con-full e-flex e-con e-child\" data-id=\"606c7c2\" data-element_type=\"container\">\n\t\t\t\t<div class=\"elementor-element elementor-element-19f1db41 cea-align-left elementor-widget elementor-widget-ceasectiontitle\" data-id=\"19f1db41\" data-element_type=\"widget\" data-widget_type=\"ceasectiontitle.default\">\n\t\t\t\t<div class=\"elementor-widget-container\">\n\t\t\t\t\t<div class=\"section-title-wrapper\"><div class=\"title-wrap\"><h4 class=\"section-title\">Solution Area<\/h4><\/div><!-- .title-wrap --><div class=\"section-description\"><\/div><!-- .section-description --><\/div><!-- .section-title-wrapper -->\t\t\t\t<\/div>\n\t\t\t\t<\/div>\n\t\t\t\t<div class=\"elementor-element elementor-element-3af98109 elementor-widget elementor-widget-ceaiconlist\" data-id=\"3af98109\" data-element_type=\"widget\" data-widget_type=\"ceaiconlist.default\">\n\t\t\t\t<div class=\"elementor-widget-container\">\n\t\t\t\t\t\t\t\r\n\t\t<ul class=\"nav flex-column cea-icon-list\">\r\n\t\t<li class=\"cea-icon-list-item\">\t\t\t\t\t<span class=\"cea-icon-list-icon\">\r\n\t\t\t\t\t\t<i aria-hidden=\"true\" class=\" bi-check-circle-fill\"><\/i>\t\t\t\t\t<\/span>\r\n\t\t\t\t<span class=\"icon-list-text\"><strong>Create a corporate mission and vision.<\/strong><\/span><\/li><li class=\"cea-icon-list-item\">\t\t\t\t\t<span class=\"cea-icon-list-icon\">\r\n\t\t\t\t\t\t<i aria-hidden=\"true\" class=\" bi-check-circle-fill\"><\/i>\t\t\t\t\t<\/span>\r\n\t\t\t\t<span class=\"icon-list-text\"><strong>Comprehensive strategic planning for every aspect of the business.<\/strong><\/span><\/li><li class=\"cea-icon-list-item\">\t\t\t\t\t<span class=\"cea-icon-list-icon\">\r\n\t\t\t\t\t\t<i aria-hidden=\"true\" class=\" bi-check-circle-fill\"><\/i>\t\t\t\t\t<\/span>\r\n\t\t\t\t<span class=\"icon-list-text\"><strong>Establishing long-term and short-term objectives.<\/strong><\/span><\/li>\t\t<\/ul>\r\n\t\t\r\n\t\t\t\t\t\t<\/div>\n\t\t\t\t<\/div>\n\t\t\t\t<\/div>\n\t\t\t\t\t<\/div>\n\t\t\t\t<\/div>\n\t\t\t\t<\/div>\n\t\t\t\t<\/div>\n\t\t\t\t<\/div>\n\t\t\t\t<\/div>\n\t\t","protected":false},"excerpt":{"rendered":"<p>Business Diagnosis Business Strategy Consulting Sales Strategy Consulting Marketing Strategy Consulting Human Resources Strategy Design and Development Consulting Operational Plan Development Consultancy Logistics Strategy and Development Consulting..<\/p>\n","protected":false},"author":1,"featured_media":0,"parent":0,"menu_order":0,"comment_status":"closed","ping_status":"closed","template":"elementor_theme","meta":{"inline_featured_image":false,"footnotes":""},"class_list":["post-93090","page","type-page","status-publish","hentry"],"_links":{"self":[{"href":"https:\/\/futuregroup.al\/en\/wp-json\/wp\/v2\/pages\/93090","targetHints":{"allow":["GET"]}}],"collection":[{"href":"https:\/\/futuregroup.al\/en\/wp-json\/wp\/v2\/pages"}],"about":[{"href":"https:\/\/futuregroup.al\/en\/wp-json\/wp\/v2\/types\/page"}],"author":[{"embeddable":true,"href":"https:\/\/futuregroup.al\/en\/wp-json\/wp\/v2\/users\/1"}],"replies":[{"embeddable":true,"href":"https:\/\/futuregroup.al\/en\/wp-json\/wp\/v2\/comments?post=93090"}],"version-history":[{"count":5,"href":"https:\/\/futuregroup.al\/en\/wp-json\/wp\/v2\/pages\/93090\/revisions"}],"predecessor-version":[{"id":93164,"href":"https:\/\/futuregroup.al\/en\/wp-json\/wp\/v2\/pages\/93090\/revisions\/93164"}],"wp:attachment":[{"href":"https:\/\/futuregroup.al\/en\/wp-json\/wp\/v2\/media?parent=93090"}],"curies":[{"name":"wp","href":"https:\/\/api.w.org\/{rel}","templated":true}]}}